{"id":933,"date":"2023-06-14T08:32:56","date_gmt":"2023-06-14T07:32:56","guid":{"rendered":"https:\/\/staging.microlabhard.com\/centroveterapia\/el-nostre-centre\/"},"modified":"2024-01-25T12:18:29","modified_gmt":"2024-01-25T11:18:29","slug":"el-nostre-centre","status":"publish","type":"page","link":"https:\/\/centroveterapia.com\/ca\/el-nostre-centre\/","title":{"rendered":"El nostre Centre"},"content":{"rendered":"<div class=\"wpb-content-wrapper\"><p>[vc_section full_width=&#8221;stretch_row&#8221; el_class=&#8221;section-shape&#8221; conditional_render=&#8221;%5B%7B%22value_role%22%3A%22administrator%22%7D%5D&#8221; css=&#8221;.vc_custom_1686564120051{padding-top: 190px !important;background-color: #d9e6ea !important;}&#8221;][vc_row el_class=&#8221;shape-divider shape-bottom shape-divider-reverse-y h-260 z-index-0&#8243; conditional_render=&#8221;%5B%7B%22value_role%22%3A%22administrator%22%7D%5D&#8221;][vc_column][vc_raw_html el_class=&#8221;mb-0&#8243;]PHN2ZyB4bWxucz0iaHR0cDovL3d3dy53My5vcmcvMjAwMC9zdmciIHhtbG5zOnhsaW5rPSJodHRwOi8vd3d3LnczLm9yZy8xOTk5L3hsaW5rIiB2ZXJzaW9uPSIxLjEiIHg9IjBweCIgeT0iMHB4IiB2aWV3Ym94PSIwIDAgMjAwMCAyNjAiIHByZXNlcnZlYXNwZWN0cmF0aW89InhNaW5ZTWluIj4KCQkJCQkJCTxwYXRoIGZpbGw9IiNjOWQxMDAiIGQ9Ik0tNDIsNDJjMjEuMDMtMC43MSw0OS4wMy0xLjMsODItMWMxMC4wNiwwLjA5LDczLDAuNzgsMTQ3LDdjOTUuNCw4LjAxLDE5MS4yNSwyMy43LDI3OCw0MCBjMTg4LjYyLDM1LjQzLDI0Ny4xNCw1Ny4yLDM1Myw3OWMxMDIuMDgsMjEuMDIsMjUyLjc0LDQ0LjM2LDQ0NSw0NmMwLDIyLjY4LDAsNDUuMzUsMCw2OC4wM2MtNDMzLjMzLDAtODY2LjY3LDAtMTMwMCwwIEMtMzguNjcsMjAxLjM1LTQwLjMzLDEyMS42OC00Miw0MnoiPjwvcGF0aD4KCQkJCQkJCTxwYXRoIGZpbGw9IiNmYWY2ZmIiIGQ9Ik0tMzksMjMzYzE4LjQ1LTUuNTcsNDUuNzYtMTMuNjgsNzktMjNjNjUuODktMTguNDgsMTAwLjI4LTI4LjEyLDE0MC0zNmM2NC42Ny0xMi44MywxMTUuMDktMTUuMzUsMTUxLTE3IGM3Mi4zNy0zLjMzLDEyNi44MSwwLjk3LDIwMCw3YzIxLjc4LDEuNzksMzUuMDUsMy4xNSwxNDcsMTZjMTg1Ljc5LDIxLjMzLDIwNS42NiwyNC4wOCwyNTIsMjdjODUuNSw1LjM4LDE1MC40Niw0LjM1LDE2OCw0IGM0OC43LTAuOTYsNzMuNDctMy4zMywyNDYtMTljMTc0LjQzLTE1Ljg0LDE4NS44OS0xNi43NSwyMTEtMThjNzYuNDYtMy44MSwxMzMuNDgtMy40OCwyMTctM2M4My4yNiwwLjQ4LDEyNS41OCwyLjU5LDE2Niw2IGMzNy4zMywzLjE1LDY4LjMsNyw5MCwxMGMwLDI4LjY3LDAsNTcuMzUsMCw4Ni4wMmMtNjg4LjMzLDAtMTM3Ni42NywwLTIwNjUsMEMtMzcuNjcsMjU5LjY4LTM4LjMzLDI0Ni4zNC0zOSwyMzN6Ij48L3BhdGg+CgkJCQkJCTwvc3ZnPg==[\/vc_raw_html][\/vc_column][\/vc_row][\/vc_section][vc_row full_width=&#8221;stretch_row&#8221; conditional_render=&#8221;%5B%7B%22value_role%22%3A%22administrator%22%7D%5D&#8221; el_class=&#8221;mlh_todasnoticias&#8221; css=&#8221;.vc_custom_1686579109349{padding-top: 50px !important;padding-bottom: 50px !important;}&#8221;][vc_column][vc_custom_heading text=&#8221;<strong>Les nostres<\/strong> instal\u00b7lacions&#8221; font_container=&#8221;tag:h2|text_align:left|color:%23007470|line_height:1.3&#8243; use_theme_fonts=&#8221;yes&#8221; text_transform=&#8221;text-uppercase&#8221; font_weight=&#8221;700&#8243; animation_delay=&#8221;100&#8243; css=&#8221;.vc_custom_1686727899388{margin-bottom: 20px !important;}&#8221; animation_type=&#8221;fadeInUp&#8221; el_class=&#8221;title-line-bottom-l&#8221;][vc_column_text css_animation=&#8221;fadeInUp&#8221; css=&#8221;.vc_custom_1698662392773{margin-bottom: 15px !important;}&#8221;]Volem que els animals se sentin b\u00e9 en el nostre centre, per aix\u00f2 hem creat un espai di\u00e0fan i colorit, amb els millors equips i eines per a estiguin c\u00f2modes tant f\u00edsica com emocionalment.<\/p>\n<p><strong>Disposem de:<\/strong><\/p>\n<p>&nbsp;[\/vc_column_text][vc_row_inner css=&#8221;.vc_custom_1686729006047{margin-top: 20px !important;margin-bottom: 20px !important;}&#8221;][vc_column_inner width=&#8221;1\/3&#8243; animation_delay=&#8221;200&#8243; animation_type=&#8221;fadeInUp&#8221;]<div class=\"porto-sicon-box  wpb_custom_b090ecc38a6f9711198379c2b3fc34a7 style_1 default-icon\"><div class=\"porto-sicon-default\"><div class=\"porto-just-icon-wrapper porto-icon none\" style=\"color:#e20079;font-size:30px;\"><i class=\"Simple-Line-Icons-bubbles\"><\/i><\/div><\/div><div class=\"porto-sicon-header\"><h3 class=\"porto-sicon-title\" style=\"\">3 Salas de consulta<\/h3><\/div> <!-- header --><\/div><!-- porto-sicon-box -->[\/vc_column_inner][vc_column_inner width=&#8221;1\/3&#8243; animation_delay=&#8221;400&#8243; animation_type=&#8221;fadeInUp&#8221;]<div class=\"porto-sicon-box  wpb_custom_b090ecc38a6f9711198379c2b3fc34a7 style_1 default-icon\"><div class=\"porto-sicon-default\"><div class=\"porto-just-icon-wrapper porto-icon none\" style=\"color:#e20079;font-size:30px;\"><i class=\"Simple-Line-Icons-equalizer\"><\/i><\/div><\/div><div class=\"porto-sicon-header\"><h3 class=\"porto-sicon-title\" style=\"\">1 Sala d&#039;Educaci\u00f3 animal, Formaci\u00f3 i Tallers<\/h3><\/div> <!-- header --><\/div><!-- porto-sicon-box -->[\/vc_column_inner][vc_column_inner width=&#8221;1\/3&#8243; animation_delay=&#8221;600&#8243; animation_type=&#8221;fadeInUp&#8221;]<div class=\"porto-sicon-box  wpb_custom_b090ecc38a6f9711198379c2b3fc34a7 style_1 default-icon\"><div class=\"porto-sicon-default\"><div class=\"porto-just-icon-wrapper porto-icon none\" style=\"color:#e20079;font-size:30px;\"><i class=\"Simple-Line-Icons-organization\"><\/i><\/div><\/div><div class=\"porto-sicon-header\"><h3 class=\"porto-sicon-title\" style=\"\">Laboratori<\/h3><\/div> <!-- header --><\/div><!-- porto-sicon-box -->[\/vc_column_inner][\/vc_row_inner]<div class=\"porto-gallery has-ccols ccols-2 has-ccols-spacing ccols-lg-3 ccols-xl-2 wpb_custom_89795c703a2c9af991c5a63f1a4ce3ca porto-carousel owl-carousel nav-pos-inside rounded-nav show-nav-hover align-items-center lightbox porto-ig-zoom mlh_galeria\" data-plugin-options=\"{&quot;autoplayTimeout&quot;:5000,&quot;items&quot;:2,&quot;xl&quot;:2,&quot;lg&quot;:3,&quot;md&quot;:2,&quot;sm&quot;:2,&quot;xs&quot;:2,&quot;nav&quot;:true,&quot;dots&quot;:false,&quot;margin&quot;:10}\" data-appear-animation=\"fadeInUp\" data-appear-animation-delay=\"700\" data-lightbox-options=\"{&quot;delegate&quot;:&quot;a&quot;,&quot;mainClass&quot;:&quot;mfp-with-zoom&quot;,&quot;zoom&quot;:{&quot;enabled&quot;:true,&quot;duration&quot;:300},&quot;gallery&quot;:{&quot;enabled&quot;:true},&quot;type&quot;:&quot;image&quot;}\"><a href=\"https:\/\/centroveterapia.com\/wp-content\/plugins\/porto-functionality\/shortcodes\/assets\/images\/placeholder.jpg\"><figure><img decoding=\"async\" class=\"img-responsive\" src=\"https:\/\/centroveterapia.com\/wp-content\/plugins\/porto-functionality\/shortcodes\/assets\/images\/placeholder.jpg\" \/><\/figure><\/a><a href=\"https:\/\/centroveterapia.com\/wp-content\/uploads\/2024\/02\/bosque-1785x2048.jpg1_.jpg\"><figure><img loading=\"lazy\" decoding=\"async\" width=\"450\" height=\"231\" src=\"https:\/\/centroveterapia.com\/wp-content\/uploads\/2024\/02\/bosque-1785x2048.jpg1_-450x231.jpg\" class=\"attachment-related-post size-related-post\" alt=\"centroveterapia.com\" \/><\/figure><\/a><\/div>[\/vc_column][\/vc_row][vc_row full_width=&#8221;stretch_row&#8221; conditional_render=&#8221;%5B%7B%22value_role%22%3A%22administrator%22%7D%5D&#8221; el_class=&#8221;mlh_todasnoticias&#8221; css=&#8221;.vc_custom_1696524022744{padding-top: 50px !important;padding-bottom: 50px !important;}&#8221; el_id=&#8221;historia&#8221;][vc_column][vc_custom_heading text=&#8221;<strong>Hist\u00f2ria<\/strong> del centre&#8221; font_container=&#8221;tag:h2|text_align:center|color:%23007470|line_height:1.3&#8243; use_theme_fonts=&#8221;yes&#8221; text_transform=&#8221;text-uppercase&#8221; font_weight=&#8221;700&#8243; animation_delay=&#8221;100&#8243; css=&#8221;.vc_custom_1686728011718{margin-bottom: 20px !important;}&#8221; animation_type=&#8221;fadeInUp&#8221; el_class=&#8221;title-line-bottom-s&#8221;][vc_column_text css_animation=&#8221;fadeInUp&#8221; css=&#8221;.vc_custom_1696523996044{margin-bottom: 15px !important;}&#8221;]<\/p>\n<p style=\"text-align: center;\">VETER\u00c0PIA \u00e9s el conjunt de tots els coneixements i experi\u00e8ncies que hem anat adquirint al llarg dels anys, per proporcionar als nostres pacients un servei integral d&#8217;atenci\u00f3 veterin\u00e0ria que combina diferents ter\u00e0pies per convertir la nostra professi\u00f3 en l&#8217;instrument d&#8217;una forma nova i diferent de guarir, que respecta, sobretot, la naturalesa de l&#8217;organisme.<\/p>\n<p>[\/vc_column_text][\/vc_column][\/vc_row][vc_row full_width=&#8221;stretch_row&#8221; conditional_render=&#8221;%5B%7B%22value_role%22%3A%22administrator%22%7D%5D&#8221; el_class=&#8221;mlh_todasnoticias&#8221; css=&#8221;.vc_custom_1694175705531{padding-top: 50px !important;padding-bottom: 50px !important;}&#8221; el_id=&#8221;missio-i-concepte&#8221;][vc_column width=&#8221;1\/2&#8243; conditional_render=&#8221;%5B%7B%22value_role%22%3A%22administrator%22%7D%5D&#8221;][vc_custom_heading text=&#8221;Missi\u00f3&#8221; font_container=&#8221;tag:h2|text_align:center|color:%23007470|line_height:1.3&#8243; use_theme_fonts=&#8221;yes&#8221; text_transform=&#8221;text-uppercase&#8221; font_weight=&#8221;700&#8243; animation_delay=&#8221;100&#8243; css=&#8221;.vc_custom_1686728151497{margin-bottom: 20px !important;}&#8221; animation_type=&#8221;fadeInUp&#8221; el_class=&#8221;title-line-bottom-s&#8221;][vc_column_text css_animation=&#8221;fadeInUp&#8221; css=&#8221;.vc_custom_1694175676238{margin-bottom: 15px !important;}&#8221;]La missi\u00f3 de Veter\u00e0pia \u00e9s oferir una medicina veterin\u00e0ria integrativa que permeti restaurar l&#8217;equilibri f\u00edsic, fisiol\u00f2gic i emocional dels nostres animals amb ajuda de ter\u00e0pies molt potents com s\u00f3n l&#8217;Acupuntura, la Nutriter\u00e0pia Xinesa, la Zoofarmacognosi, la Ter\u00e0pia floral de Bach i la kinesiologia Veterin\u00e0ria, entre d&#8217;altres.[\/vc_column_text][\/vc_column][vc_column width=&#8221;1\/2&#8243;][vc_custom_heading text=&#8221;Concepte&#8221; font_container=&#8221;tag:h2|text_align:center|color:%23007470|line_height:1.3&#8243; use_theme_fonts=&#8221;yes&#8221; text_transform=&#8221;text-uppercase&#8221; font_weight=&#8221;700&#8243; animation_delay=&#8221;100&#8243; css=&#8221;.vc_custom_1686728159349{margin-bottom: 20px !important;}&#8221; animation_type=&#8221;fadeInUp&#8221; el_class=&#8221;title-line-bottom-s&#8221;][vc_column_text css_animation=&#8221;fadeInUp&#8221; css=&#8221;.vc_custom_1694175575034{margin-bottom: 15px !important;}&#8221;]Volem apropar i donar a con\u00e8ixer totes les eines necess\u00e0ries perqu\u00e8 les persones puguin cuidar els seus animals, no nom\u00e9s a un nivell f\u00edsic convencional, sin\u00f3 que els puguin proporcionar un veritable benestar on hi t\u00e9 cabuda la part f\u00edsica i fisiol\u00f2gica, per\u00f2 tamb\u00e9 la nutricional i psicoemocional dels nostres companys animals.[\/vc_column_text][\/vc_column][\/vc_row]<\/p>\n<\/div>","protected":false},"excerpt":{"rendered":"<p>[vc_section full_width=&#8221;stretch_row&#8221; el_class=&#8221;section-shape&#8221; conditional_render=&#8221;%5B%7B%22value_role%22%3A%22administrator%22%7D%5D&#8221; css=&#8221;.vc_custom_1686564120051{padding-top: 190px !important;background-color: #d9e6ea !important;}&#8221;][vc_row el_class=&#8221;shape-divider shape-bottom shape-divider-reverse-y h-260 z-index-0&#8243; conditional_render=&#8221;%5B%7B%22value_role%22%3A%22administrator%22%7D%5D&#8221;][vc_column][vc_raw_html el_class=&#8221;mb-0&#8243;]PHN2ZyB4bWxucz0iaHR0cDovL3d3dy53My5vcmcvMjAwMC9zdmciIHhtbG5zOnhsaW5rPSJodHRwOi8vd3d3LnczLm9yZy8xOTk5L3hsaW5rIiB2ZXJzaW9uPSIxLjEiIHg9IjBweCIgeT0iMHB4IiB2aWV3Ym94PSIwIDAgMjAwMCAyNjAiIHByZXNlcnZlYXNwZWN0cmF0aW89InhNaW5ZTWluIj4KCQkJCQkJCTxwYXRoIGZpbGw9IiNjOWQxMDAiIGQ9Ik0tNDIsNDJjMjEuMDMtMC43MSw0OS4wMy0xLjMsODItMWMxMC4wNiwwLjA5LDczLDAuNzgsMTQ3LDdjOTUuNCw4LjAxLDE5MS4yNSwyMy43LDI3OCw0MCBjMTg4LjYyLDM1LjQzLDI0Ny4xNCw1Ny4yLDM1Myw3OWMxMDIuMDgsMjEuMDIsMjUyLjc0LDQ0LjM2LDQ0NSw0NmMwLDIyLjY4LDAsNDUuMzUsMCw2OC4wM2MtNDMzLjMzLDAtODY2LjY3LDAtMTMwMCwwIEMtMzguNjcsMjAxLjM1LTQwLjMzLDEyMS42OC00Miw0MnoiPjwvcGF0aD4KCQkJCQkJCTxwYXRoIGZpbGw9IiNmYWY2ZmIiIGQ9Ik0tMzksMjMzYzE4LjQ1LTUuNTcsNDUuNzYtMTMuNjgsNzktMjNjNjUuODktMTguNDgsMTAwLjI4LTI4LjEyLDE0MC0zNmM2NC42Ny0xMi44MywxMTUuMDktMTUuMzUsMTUxLTE3IGM3Mi4zNy0zLjMzLDEyNi44MSwwLjk3LDIwMCw3YzIxLjc4LDEuNzksMzUuMDUsMy4xNSwxNDcsMTZjMTg1Ljc5LDIxLjMzLDIwNS42NiwyNC4wOCwyNTIsMjdjODUuNSw1LjM4LDE1MC40Niw0LjM1LDE2OCw0IGM0OC43LTAuOTYsNzMuNDctMy4zMywyNDYtMTljMTc0LjQzLTE1Ljg0LDE4NS44OS0xNi43NSwyMTEtMThjNzYuNDYtMy44MSwxMzMuNDgtMy40OCwyMTctM2M4My4yNiwwLjQ4LDEyNS41OCwyLjU5LDE2Niw2IGMzNy4zMywzLjE1LDY4LjMsNyw5MCwxMGMwLDI4LjY3LDAsNTcuMzUsMCw4Ni4wMmMtNjg4LjMzLDAtMTM3Ni42NywwLTIwNjUsMEMtMzcuNjcsMjU5LjY4LTM4LjMzLDI0Ni4zNC0zOSwyMzN6Ij48L3BhdGg+CgkJCQkJCTwvc3ZnPg==[\/vc_raw_html][\/vc_column][\/vc_row][\/vc_section][vc_row full_width=&#8221;stretch_row&#8221; conditional_render=&#8221;%5B%7B%22value_role%22%3A%22administrator%22%7D%5D&#8221; el_class=&#8221;mlh_todasnoticias&#8221; css=&#8221;.vc_custom_1686579109349{padding-top: 50px !important;padding-bottom: 50px !important;}&#8221;][vc_column][vc_custom_heading text=&#8221;Les nostres instal\u00b7lacions&#8221; font_container=&#8221;tag:h2|text_align:left|color:%23007470|line_height:1.3&#8243; use_theme_fonts=&#8221;yes&#8221; text_transform=&#8221;text-uppercase&#8221; font_weight=&#8221;700&#8243; animation_delay=&#8221;100&#8243; css=&#8221;.vc_custom_1686727899388{margin-bottom: 20px !important;}&#8221; animation_type=&#8221;fadeInUp&#8221; el_class=&#8221;title-line-bottom-l&#8221;][vc_column_text css_animation=&#8221;fadeInUp&#8221; css=&#8221;.vc_custom_1698662392773{margin-bottom: 15px !important;}&#8221;]Volem que els animals se sentin b\u00e9 en el nostre centre, per aix\u00f2 hem creat [&hellip;]<\/p>\n","protected":false},"author":1,"featured_media":0,"parent":0,"menu_order":0,"comment_status":"closed","ping_status":"closed","template":"","meta":{"_seopress_robots_primary_cat":"","_seopress_titles_title":"","_seopress_titles_desc":"Volem que els animals se sentin b\u00e9 en el nostre centre, per aix\u00f2 hem creat un espai di\u00e0fan i colorit, amb els millors equips i eines per a estiguin c\u00f2modes tant f\u00edsica com emocionalment.","_seopress_robots_index":"","footnotes":""},"class_list":["post-933","page","type-page","status-publish","hentry"],"_links":{"self":[{"href":"https:\/\/centroveterapia.com\/ca\/wp-json\/wp\/v2\/pages\/933","targetHints":{"allow":["GET"]}}],"collection":[{"href":"https:\/\/centroveterapia.com\/ca\/wp-json\/wp\/v2\/pages"}],"about":[{"href":"https:\/\/centroveterapia.com\/ca\/wp-json\/wp\/v2\/types\/page"}],"author":[{"embeddable":true,"href":"https:\/\/centroveterapia.com\/ca\/wp-json\/wp\/v2\/users\/1"}],"replies":[{"embeddable":true,"href":"https:\/\/centroveterapia.com\/ca\/wp-json\/wp\/v2\/comments?post=933"}],"version-history":[{"count":2,"href":"https:\/\/centroveterapia.com\/ca\/wp-json\/wp\/v2\/pages\/933\/revisions"}],"predecessor-version":[{"id":1190,"href":"https:\/\/centroveterapia.com\/ca\/wp-json\/wp\/v2\/pages\/933\/revisions\/1190"}],"wp:attachment":[{"href":"https:\/\/centroveterapia.com\/ca\/wp-json\/wp\/v2\/media?parent=933"}],"curies":[{"name":"wp","href":"https:\/\/api.w.org\/{rel}","templated":true}]}}