{"id":2430,"date":"2024-06-21T07:14:31","date_gmt":"2024-06-21T06:14:31","guid":{"rendered":"https:\/\/centroveterapia.com\/?page_id=2430"},"modified":"2024-06-25T14:35:15","modified_gmt":"2024-06-25T13:35:15","slug":"plans-de-salut","status":"publish","type":"page","link":"https:\/\/centroveterapia.com\/ca\/plans-de-salut\/","title":{"rendered":"Plans de Salut"},"content":{"rendered":"<div class=\"wpb-content-wrapper\"><p>[vc_section full_width=&#8221;stretch_row&#8221; el_class=&#8221;section-shape&#8221; conditional_render=&#8221;%5B%7B%22value_role%22%3A%22administrator%22%7D%5D&#8221; css=&#8221;.vc_custom_1686564120051{padding-top: 190px !important;background-color: #d9e6ea !important;}&#8221;][vc_row el_class=&#8221;shape-divider shape-bottom shape-divider-reverse-y h-260 z-index-0&#8243; conditional_render=&#8221;%5B%7B%22value_role%22%3A%22administrator%22%7D%5D&#8221;][vc_column][vc_raw_html css=&#8221;&#8221; el_class=&#8221;mb-0&#8243;]PHN2ZyB4bWxucz0iaHR0cDovL3d3dy53My5vcmcvMjAwMC9zdmciIHhtbG5zOnhsaW5rPSJodHRwOi8vd3d3LnczLm9yZy8xOTk5L3hsaW5rIiB2ZXJzaW9uPSIxLjEiIHg9IjBweCIgeT0iMHB4IiB2aWV3Ym94PSIwIDAgMjAwMCAyNjAiIHByZXNlcnZlYXNwZWN0cmF0aW89InhNaW5ZTWluIj4KCQkJCQkJCTxwYXRoIGZpbGw9IiMwMDhFODkiIGQ9Ik0tNDIsNDJjMjEuMDMtMC43MSw0OS4wMy0xLjMsODItMWMxMC4wNiwwLjA5LDczLDAuNzgsMTQ3LDdjOTUuNCw4LjAxLDE5MS4yNSwyMy43LDI3OCw0MCBjMTg4LjYyLDM1LjQzLDI0Ny4xNCw1Ny4yLDM1Myw3OWMxMDIuMDgsMjEuMDIsMjUyLjc0LDQ0LjM2LDQ0NSw0NmMwLDIyLjY4LDAsNDUuMzUsMCw2OC4wM2MtNDMzLjMzLDAtODY2LjY3LDAtMTMwMCwwIEMtMzguNjcsMjAxLjM1LTQwLjMzLDEyMS42OC00Miw0MnoiPjwvcGF0aD4KCQkJCQkJCTxwYXRoIGZpbGw9IiNmYWY2ZmIiIGQ9Ik0tMzksMjMzYzE4LjQ1LTUuNTcsNDUuNzYtMTMuNjgsNzktMjNjNjUuODktMTguNDgsMTAwLjI4LTI4LjEyLDE0MC0zNmM2NC42Ny0xMi44MywxMTUuMDktMTUuMzUsMTUxLTE3IGM3Mi4zNy0zLjMzLDEyNi44MSwwLjk3LDIwMCw3YzIxLjc4LDEuNzksMzUuMDUsMy4xNSwxNDcsMTZjMTg1Ljc5LDIxLjMzLDIwNS42NiwyNC4wOCwyNTIsMjdjODUuNSw1LjM4LDE1MC40Niw0LjM1LDE2OCw0IGM0OC43LTAuOTYsNzMuNDctMy4zMywyNDYtMTljMTc0LjQzLTE1Ljg0LDE4NS44OS0xNi43NSwyMTEtMThjNzYuNDYtMy44MSwxMzMuNDgtMy40OCwyMTctM2M4My4yNiwwLjQ4LDEyNS41OCwyLjU5LDE2Niw2IGMzNy4zMywzLjE1LDY4LjMsNyw5MCwxMGMwLDI4LjY3LDAsNTcuMzUsMCw4Ni4wMmMtNjg4LjMzLDAtMTM3Ni42NywwLTIwNjUsMEMtMzcuNjcsMjU5LjY4LTM4LjMzLDI0Ni4zNC0zOSwyMzN6Ij48L3BhdGg+CgkJCQkJCTwvc3ZnPg==[\/vc_raw_html][\/vc_column][\/vc_row][\/vc_section][vc_row full_width=&#8221;stretch_row&#8221; conditional_render=&#8221;%5B%7B%22value_role%22%3A%22administrator%22%7D%5D&#8221; el_class=&#8221;mlh_todasnoticias&#8221; css=&#8221;.vc_custom_1718959229374{padding-top: 50px !important;}&#8221;][vc_column css=&#8221;.vc_custom_1718956921248{margin-bottom: 25px !important;}&#8221; conditional_render=&#8221;%5B%7B%22value_role%22%3A%22administrator%22%7D%5D&#8221;][vc_custom_heading text=&#8221;Plans <strong>Anuals<\/strong> disponibles&#8221; font_container=&#8221;tag:h2|text_align:left|color:%23007470|line_height:1.3&#8243; use_theme_fonts=&#8221;yes&#8221; css=&#8221;.vc_custom_1718950803391{margin-bottom: 20px !important;}&#8221; text_transform=&#8221;text-uppercase&#8221; font_weight=&#8221;700&#8243; animation_delay=&#8221;100&#8243; animation_type=&#8221;fadeInUp&#8221; el_class=&#8221;title-line-bottom-l&#8221;][vc_column_text css_animation=&#8221;fadeInUp&#8221; css=&#8221;.vc_custom_1718959264733{margin-bottom: 0px !important;}&#8221;]<\/p>\n<h3>Necessites ajuda per cuidar millor el teu company pelut?<\/h3>\n<p>Oferim plans de salut personalitzats per garantir la tranquil\u00b7litat, confian\u00e7a i benestar de les teves mascotes en diverses situacions.<\/p>\n<p>Et proposem diferents <strong>serveis de medicina veterin\u00e0ria integrativa <\/strong> a l&#8217;abast de la butxaca.[\/vc_column_text][\/vc_column][\/vc_row][vc_row full_width=&#8221;stretch_row_content_no_spaces&#8221; css=&#8221;.vc_custom_1718958893640{background: #008e89 url(https:\/\/centroveterapia.com\/wp-content\/uploads\/2023\/05\/ave.jpg?id=309) !important;background-position: center !important;background-repeat: no-repeat !important;background-size: cover !important;}&#8221; el_class=&#8221;banner-cta position-relative&#8221; conditional_render=&#8221;%5B%7B%22value_role%22%3A%22administrator%22%7D%5D&#8221;][vc_column][vc_raw_html el_class=&#8221;shape-divider shape-divider3 shape-divider-top mb-0&#8243;]PHN2ZyB4bWxucz0iaHR0cDovL3d3dy53My5vcmcvMjAwMC9zdmciIHhtbG5zOnhsaW5rPSJodHRwOi8vd3d3LnczLm9yZy8xOTk5L3hsaW5rIiB2ZXJzaW9uPSIxLjEiIHg9IjBweCIgeT0iMHB4IiB2aWV3Ym94PSIwIDAgMTkyMCAxMTYiIHByZXNlcnZlYXNwZWN0cmF0aW89Im5vbmUiPgoJCQkJCQkJPHBhdGggY2xhc3M9ImN1c3RvbS1zdmctZmlsbC1jb2xvci10ZXJ0aWFyeS1kYXJrZW4iIGQ9Ik0wLDI0YzIuODYsMC40Miw3LjQxLDEuMSwxMywyYzYuMTMsMC45OCwxMC42NywxLjc3LDEyLDJjMTEuNjcsMi4wMSw0Mi4yNCw3LjA1LDY4LDExIGM3Ljc5LDEuMiwyMi43MiwzLjQ4LDQxLDZjMjAuNzUsMi44NiwzOC44Myw1LjA2LDc0LDljNDEuMTksNC42MSw2Mi4wOSw2Ljk1LDkzLDEwYzU3LjQsNS42NiwxMDEuMTcsOS4wMywxMTQsMTAgYzkuMTMsMC42OSw0MC4yOSwzLjAyLDEwOSw3YzQ4LjMzLDIuOCw4Ny4wNCw1LjA0LDEzMiw3Yzc2Ljg2LDMuMzUsMTM1LjAyLDQuMjcsMTg0LDVjMTA0LjI3LDEuNTYsMTg3LjM5LDAuNzEsMjM0LDAgYzIxLjkyLTAuMzQsOTEuNjItMS41LDE4My01YzUwLjYyLTEuOTQsMTA2LjQzLTQuMTIsMTgxLTljNTcuMDEtMy43MywxMDguMDUtNy45NCwxNTItMTJjOTQuOTEtOC43OCwxNjIuMzctMTcuNDQsMTgyLTIwIGM0MS43Ni01LjQ1LDcyLjA2LTEwLjA5LDk2LTE0YzIxLjIzLTMuNDcsMzkuMDQtNi42Myw1Mi05YzAtMTEuNjcsMC0yMy4zMywwLTM1QzEyNzktMTEsNjM4LTExLTMtMTFDLTIsMC42Ny0xLDEyLjMzLDAsMjR6Ij48L3BhdGg+CgkJCQkJCQk8cGF0aCBmaWxsPSIjZmFmNmZiIiBkPSJNLTcsMjNjMS41OSwwLjIzLDQuMDMsMC41OCw3LDFjODIuMDYsMTEuNiwxNDUuMTcsMTYuMzUsMTgyLDE5YzI0NC42MiwxNy42MiwzNzcsMjMsMzc3LDIzIGMxNTcuODYsNi40MiwyNzcuNjQsNy43MSwzMDgsOGM3NS44LDAuNzMsMjMyLjg5LDEuMzEsNDM4LTZjMCwwLDEzNy43Mi00LjY2LDM1OC0xOWM0Mi45OC0yLjgsMTA0LjAxLTcuMDMsMTgzLTE2IGMzMy4yNi0zLjc4LDYwLjg1LTcuMzgsODAtMTBjMC05LjAxLDAtMTguMDEsMC0yNy4wMmMtNjQ0LDAtMTI4OCwwLTE5MzIsMEMtNi4zMyw0Ljk5LTYuNjcsMTMuOTktNywyM3oiPjwvcGF0aD4KCQkJCQkJPC9zdmc+[\/vc_raw_html][vc_row_inner wrap_container=&#8221;yes&#8221; content_placement=&#8221;middle&#8221; css=&#8221;.vc_custom_1684856551274{padding-top: 8rem !important;padding-bottom: 7rem !important;}&#8221; el_class=&#8221;align-items-center mlh_protectoras&#8221;][vc_column_inner el_class=&#8221;mb-4 mb-xl-0&#8243; offset=&#8221;vc_col-lg-9 vc_col-md-12 vc_col-xs-12&#8243;][vc_custom_heading text=&#8221;Coneix els nostres plans de salut!&#8221; font_container=&#8221;tag:h2|text_align:left|color:%23ffffff|line_height:1.3&#8243; use_theme_fonts=&#8221;yes&#8221; css=&#8221;.vc_custom_1718958958064{margin-bottom: 10px !important;}&#8221; font_weight=&#8221;600&#8243; animation_delay=&#8221;100&#8243; animation_type=&#8221;fadeInUp&#8221;][vc_custom_heading text=&#8221;Contacta&#8217;ns i parlem.&#8221; font_container=&#8221;tag:h2|font_size:1.4em|text_align:left|color:%23ffffff|line_height:1.3&#8243; use_theme_fonts=&#8221;yes&#8221; css=&#8221;.vc_custom_1718959005107{margin-bottom: 20px !important;}&#8221; font_weight=&#8221;300&#8243; animation_delay=&#8221;100&#8243; animation_type=&#8221;fadeInUp&#8221;][\/vc_column_inner][vc_column_inner el_class=&#8221;text-xl-end text-center&#8221; offset=&#8221;vc_col-lg-3 vc_col-md-12 vc_col-xs-12&#8243;][vc_btn title=&#8221;Contacta&#8217;ns&#8221; align=&#8221;center&#8221; i_align=&#8221;right&#8221; i_icon_fontawesome=&#8221;fas fa-angle-right&#8221; css=&#8221;.vc_custom_1684937974039{margin-bottom: 0px !important;}&#8221; animation_delay=&#8221;350&#8243; hover_effect=&#8221;hover-icon-right&#8221; add_icon=&#8221;true&#8221; link=&#8221;url:https%3A%2F%2Fcentroveterapia.com%2Fca%2F%23contacte|&#8221; el_class=&#8221;mlh_btnwhite&#8221; animation_type=&#8221;fadeInUp&#8221;][\/vc_column_inner][\/vc_row_inner][vc_raw_html el_class=&#8221;shape-divider shape-divider2 mb-0&#8243;]PHN2ZyB4bWxucz0iaHR0cDovL3d3dy53My5vcmcvMjAwMC9zdmciIHhtbG5zOnhsaW5rPSJodHRwOi8vd3d3LnczLm9yZy8xOTk5L3hsaW5rIiB2ZXJzaW9uPSIxLjEiIHg9IjBweCIgeT0iMHB4IiB2aWV3Ym94PSIwIDAgMTkyMCAxMDIiIHByZXNlcnZlYXNwZWN0cmF0aW89Im5vbmUiPgoJCQkJCQkJPHBhdGggZmlsbD0iI2ZhZjZmYiIgZD0iTTE4OTUsNzhjLTU2LjcxLTYuMDMtMTEzLjc1LTEyLjEtMTY3LTE3Yy03NS40Mi02Ljk0LTEzMy44MS0xMC42Ni0xNzEtMTNjLTYyLjEtMy45MS0xMDguODUtNS45Ny0xNTUtOCBjLTM1Ljk2LTEuNTgtNzguMDYtMy40Mi0xMzMtNWMtNTkuODEtMS43Mi0xMDMuMTgtMi4yMy0xNzItM2MtOTIuMTctMS4wMy0xNTQuNDEtMS4wMS0xNjktMWMtNjkuMDUsMC4wNS0xMTUuMTYsMC42Ny0xMzcsMSBjLTQzLjA4LDAuNjUtNzYuMjEsMS40OC05NywyYy0yOC4wMiwwLjctNzEuMTMsMS44LTEyOCw0Yy0xNi42NCwwLjY0LTU3LjcyLDIuMjgtMTExLDVjLTI2LjEyLDEuMzMtNjcuMTEsMy40NS0xMjEsNyBjLTIxLjE0LDEuMzktNTQuMjEsMy41OS05Niw3Yy0xOS45MywxLjYzLTM5LjIyLDMuMzItNDcsNGMtMTYuMTIsMS40MS0zMy41NSwyLjk0LTU1LDVjLTI2LjQ4LDIuNTQtMTkuMDcsMi4wNC03Nyw4IGMtMTkuMzksMS45OS0zNi45NCwzLjc3LTYwLjU5LDcuNDZWMTAzSDE5MjNWODFDMTkxNi41NSw4MC4zLDE5MDYuODIsNzkuMjYsMTg5NSw3OHoiPjwvcGF0aD4KCQkJCQkJPC9zdmc+[\/vc_raw_html][\/vc_column][\/vc_row][vc_row el_class=&#8221;mlh_box_planes&#8221; conditional_render=&#8221;%5B%7B%22value_role%22%3A%22administrator%22%7D%5D&#8221;][vc_column][vc_row_inner css=&#8221;.vc_custom_1718952708547{margin-bottom: 25px !important;}&#8221;][vc_column_inner el_class=&#8221;mlh_equipo&#8221; width=&#8221;3\/4&#8243;]<div class=\"porto-sicon-box  wpb_custom_1efe903570d178ff0a9b7bfa5febd3a4 style_2 default-icon flex-wrap\"><div class=\"porto-sicon-default\"><div class=\"porto-just-icon-wrapper porto-icon none\" style=\"color:var(--porto-primary-light-5);font-size:32px;\"><i class=\"fas fa-star\"><\/i><\/div><\/div><div class=\"porto-sicon-header\" style=\"margin-bottom:25px;\"><h3 class=\"porto-sicon-title\" style=\"\">Pla de Salut Consultes Generals \"Pla Estrella\"<\/h3><\/div> <!-- header --><div class=\"porto-sicon-description\" style=\"\"><strong>Consultes generals il\u00b7limitades durant un any. <\/strong><\/p>\n<p>Totes les consultes seran concertades, presencials i sota disponibilitat d&#8217;agenda del centre, dins de l&#8217;horari establert d&#8217;atenci\u00f3 al p\u00fablic, i no es podr\u00e0 agendar m\u00e9s d&#8217;una consulta al dia. No inclou tractaments, ni qualsevol altre servei o ter\u00e0pia.<\/div> <!-- description --><\/div><!-- porto-sicon-box -->[vc_btn title=&#8221;Parla amb Nosaltres&#8221; align=&#8221;center&#8221; i_align=&#8221;right&#8221; i_icon_fontawesome=&#8221;fas fa-angle-right&#8221; css=&#8221;.vc_custom_1719314417567{margin-bottom: 0px !important;}&#8221; animation_delay=&#8221;350&#8243; hover_effect=&#8221;hover-icon-right&#8221; add_icon=&#8221;true&#8221; link=&#8221;url:https%3A%2F%2Fcentroveterapia.com%2Fca%2F%23contacte|&#8221; el_class=&#8221;mlh_btngreen&#8221; animation_type=&#8221;fadeInUp&#8221;][\/vc_column_inner][vc_column_inner el_class=&#8221;mlh_oferta_box&#8221; width=&#8221;1\/4&#8243;]<div class=\"porto-sicon-box  vc_custom_1719305994872 mlh_oferta  wpb_custom_8f962e4ca821deb2572f2702afed33fc style_1 top-icon\"><div class=\"porto-sicon-header\"><p class=\"porto-sicon-title\" style=\"\">PLA ESTRELLA<\/p><\/div> <!-- header --><\/div><!-- porto-sicon-box -->[\/vc_column_inner][\/vc_row_inner][vc_row_inner css=&#8221;.vc_custom_1719312922250{margin-bottom: 25px !important;}&#8221;][vc_column_inner el_class=&#8221;mlh_equipo&#8221; width=&#8221;3\/4&#8243;]<div class=\"porto-sicon-box  wpb_custom_1efe903570d178ff0a9b7bfa5febd3a4 style_2 default-icon flex-wrap\"><div class=\"porto-sicon-default\"><div class=\"porto-just-icon-wrapper porto-icon none\" style=\"color:#00a59e;font-size:32px;\"><i class=\"fas fa-paw\"><\/i><\/div><\/div><div class=\"porto-sicon-header\" style=\"margin-bottom:25px;\"><h3 class=\"porto-sicon-title\" style=\"\">Pla de Salut B\u00e0sic<\/h3><\/div> <!-- header --><div class=\"porto-sicon-description\" style=\"\">\n<ul>\n<li>Una anal\u00edtica P10 + hemograma (anual).<\/li>\n<li>Vacunaci\u00f3 anual polivalent (c\u00e0nids) o triple felina + r\u00e0bia (una vacuna anual).<\/li>\n<li>Una an\u00e0lisi d&#8217;orina o una an\u00e0lisi coprol\u00f2gica (anual).<\/li>\n<li>Una consulta de veterin\u00e0ria Integrativa anual (sense tractament).<\/li>\n<\/ul>\n<p><\/div> <!-- description --><\/div><!-- porto-sicon-box -->[vc_btn title=&#8221;Parla amb Nosaltres&#8221; align=&#8221;center&#8221; i_align=&#8221;right&#8221; i_icon_fontawesome=&#8221;fas fa-angle-right&#8221; css=&#8221;.vc_custom_1719314417567{margin-bottom: 0px !important;}&#8221; animation_delay=&#8221;350&#8243; hover_effect=&#8221;hover-icon-right&#8221; add_icon=&#8221;true&#8221; link=&#8221;url:https%3A%2F%2Fcentroveterapia.com%2Fca%2F%23contacte|&#8221; el_class=&#8221;mlh_btngreen&#8221; animation_type=&#8221;fadeInUp&#8221;][\/vc_column_inner][vc_column_inner el_class=&#8221;mlh_oferta_box&#8221; width=&#8221;1\/4&#8243;]<div class=\"porto-sicon-box  vc_custom_1719306299469 mlh_oferta  wpb_custom_5c333553d18febadba96dc01339d4b01 style_1 top-icon\"><div class=\"porto-sicon-header\"><p class=\"porto-sicon-title\" style=\"\">ESTALVIAR\u00c0S M\u00c9S DE 100\u20ac<\/p><\/div> <!-- header --><\/div><!-- porto-sicon-box -->[\/vc_column_inner][\/vc_row_inner][vc_row_inner css=&#8221;.vc_custom_1719312928529{margin-bottom: 25px !important;}&#8221;][vc_column_inner el_class=&#8221;mlh_equipo&#8221; width=&#8221;3\/4&#8243;]<div class=\"porto-sicon-box  wpb_custom_1efe903570d178ff0a9b7bfa5febd3a4 style_2 default-icon flex-wrap\"><div class=\"porto-sicon-default\"><div class=\"porto-just-icon-wrapper porto-icon none\" style=\"color:#00a59e;font-size:32px;\"><i class=\"fas fa-medkit\"><\/i><\/div><\/div><div class=\"porto-sicon-header\" style=\"margin-bottom:25px;\"><h3 class=\"porto-sicon-title\" style=\"\">Pla de Salut Premium<\/h3><\/div> <!-- header --><div class=\"porto-sicon-description\" style=\"\">\n<ul>\n<li>Pla de Salut B\u00e0sic.<\/li>\n<li>Test de Leishmaniosi (no inclou vacuna de Leishmaniosi).<\/li>\n<li>2 sessions a l&#8217;any de laserter\u00e0pia o radiofreq\u00fc\u00e8ncia o magnetoter\u00e0pia (a escollir 2 sessions a l&#8217;any entre les 3 opcions descrites).<\/li>\n<li>5% descompte de productes de la botiga no considerats tractament ni medicaments.<\/li>\n<\/ul>\n<p><\/div> <!-- description --><\/div><!-- porto-sicon-box -->[vc_btn title=&#8221;Parla amb Nosaltres&#8221; align=&#8221;center&#8221; i_align=&#8221;right&#8221; i_icon_fontawesome=&#8221;fas fa-angle-right&#8221; css=&#8221;.vc_custom_1719314417567{margin-bottom: 0px !important;}&#8221; animation_delay=&#8221;350&#8243; hover_effect=&#8221;hover-icon-right&#8221; add_icon=&#8221;true&#8221; link=&#8221;url:https%3A%2F%2Fcentroveterapia.com%2Fca%2F%23contacte|&#8221; el_class=&#8221;mlh_btngreen&#8221; animation_type=&#8221;fadeInUp&#8221;][\/vc_column_inner][vc_column_inner el_class=&#8221;mlh_oferta_box&#8221; width=&#8221;1\/4&#8243;]<div class=\"porto-sicon-box  vc_custom_1719314600350 mlh_oferta  wpb_custom_5c333553d18febadba96dc01339d4b01 style_1 top-icon\"><div class=\"porto-sicon-header\"><p class=\"porto-sicon-title\" style=\"\">ESTALVIAR\u00c0S +150\u20ac I 5% DESCOMPTE EN BOTIGA<\/p><\/div> <!-- header --><\/div><!-- porto-sicon-box -->[\/vc_column_inner][\/vc_row_inner][vc_row_inner css=&#8221;.vc_custom_1719312939747{margin-bottom: 25px !important;}&#8221;][vc_column_inner el_class=&#8221;mlh_equipo&#8221; width=&#8221;3\/4&#8243;]<div class=\"porto-sicon-box  wpb_custom_1efe903570d178ff0a9b7bfa5febd3a4 style_2 default-icon flex-wrap\"><div class=\"porto-sicon-default\"><div class=\"porto-just-icon-wrapper porto-icon none\" style=\"color:#00a59e;font-size:32px;\"><i class=\"fas fa-cat\"><\/i><\/div><\/div><div class=\"porto-sicon-header\" style=\"margin-bottom:25px;\"><h3 class=\"porto-sicon-title\" style=\"\">Pla de Salut Cadell<\/h3><\/div> <!-- header --><div class=\"porto-sicon-description\" style=\"\">\n<ul>\n<li>Vacunes primer any (Canins: DP + refor\u00e7 i Polivalent; Felins: Trivalent + refor\u00e7).<\/li>\n<li>XIP i registre.<\/li>\n<li>Assessorament en cures.<\/li>\n<li>5\u20ac descompte a totes les visites o consultes durant el primer any.<\/li>\n<\/ul>\n<p><\/div> <!-- description --><\/div><!-- porto-sicon-box -->[vc_btn title=&#8221;Parla amb Nosaltres&#8221; align=&#8221;center&#8221; i_align=&#8221;right&#8221; i_icon_fontawesome=&#8221;fas fa-angle-right&#8221; css=&#8221;.vc_custom_1719314417567{margin-bottom: 0px !important;}&#8221; animation_delay=&#8221;350&#8243; hover_effect=&#8221;hover-icon-right&#8221; add_icon=&#8221;true&#8221; link=&#8221;url:https%3A%2F%2Fcentroveterapia.com%2Fca%2F%23contacte|&#8221; el_class=&#8221;mlh_btngreen&#8221; animation_type=&#8221;fadeInUp&#8221;][\/vc_column_inner][vc_column_inner el_class=&#8221;mlh_oferta_box&#8221; width=&#8221;1\/4&#8243;]<div class=\"porto-sicon-box  vc_custom_1719306229051 mlh_oferta  wpb_custom_5c333553d18febadba96dc01339d4b01 style_1 top-icon\"><div class=\"porto-sicon-header\"><p class=\"porto-sicon-title\" style=\"\">ESTALVIAR\u00c0S +100\u20ac I 5% DESCOMPTE CONSULTES<\/p><\/div> <!-- header --><\/div><!-- porto-sicon-box -->[\/vc_column_inner][\/vc_row_inner][vc_row_inner css=&#8221;.vc_custom_1718975016082{margin-bottom: 70px !important;}&#8221;][vc_column_inner el_class=&#8221;mlh_equipo&#8221; width=&#8221;3\/4&#8243;]<div class=\"porto-sicon-box  wpb_custom_1efe903570d178ff0a9b7bfa5febd3a4 style_2 default-icon flex-wrap\"><div class=\"porto-sicon-default\"><div class=\"porto-just-icon-wrapper porto-icon none\" style=\"color:#00a59e;font-size:32px;\"><i class=\"fas fa-fish\"><\/i><\/div><\/div><div class=\"porto-sicon-header\" style=\"margin-bottom:25px;\"><h3 class=\"porto-sicon-title\" style=\"\">Pla de Salut Hol\u00edstic<\/h3><\/div> <!-- header --><div class=\"porto-sicon-description\" style=\"\">\n<ul>\n<li>1 sessi\u00f3 de ter\u00e0pia psicosom\u00e0tica conjunta<\/li>\n<li>2 sessions d\u00b4acupuntura<\/li>\n<li>7 tractaments de ter\u00e0pia floral<\/li>\n<li>1 sessi\u00f3 de kinesiologia hol\u00edstica veterin\u00e0ria<\/li>\n<li>1 sessions de Zoofarmacogn\u00f2sia<\/li>\n<li>2 sessions de psicoaromater\u00e0pia animal-hum\u00e0<\/li>\n<li>2 sessions de ter\u00e0pia manual<\/li>\n<\/ul>\n<p><\/div> <!-- description --><\/div><!-- porto-sicon-box -->[vc_btn title=&#8221;Parla amb Nosaltres&#8221; align=&#8221;center&#8221; i_align=&#8221;right&#8221; i_icon_fontawesome=&#8221;fas fa-angle-right&#8221; css=&#8221;.vc_custom_1719314417567{margin-bottom: 0px !important;}&#8221; animation_delay=&#8221;350&#8243; hover_effect=&#8221;hover-icon-right&#8221; add_icon=&#8221;true&#8221; link=&#8221;url:https%3A%2F%2Fcentroveterapia.com%2Fca%2F%23contacte|&#8221; el_class=&#8221;mlh_btngreen&#8221; animation_type=&#8221;fadeInUp&#8221;][\/vc_column_inner][vc_column_inner el_class=&#8221;mlh_oferta_box&#8221; width=&#8221;1\/4&#8243;]<div class=\"porto-sicon-box  vc_custom_1719306254273 mlh_oferta  wpb_custom_5c333553d18febadba96dc01339d4b01 style_1 top-icon\"><div class=\"porto-sicon-header\"><p class=\"porto-sicon-title\" style=\"\">ESTALVIAR\u00c0S M\u00c9S DE 500\u20ac<\/p><\/div> <!-- header --><\/div><!-- porto-sicon-box -->[\/vc_column_inner][\/vc_row_inner][vc_row_inner css=&#8221;.vc_custom_1718975008177{margin-bottom: 70px !important;}&#8221;][vc_column_inner el_class=&#8221;mlh_equipo&#8221; width=&#8221;3\/4&#8243;]<div class=\"porto-sicon-box  wpb_custom_1efe903570d178ff0a9b7bfa5febd3a4 style_2 default-icon flex-wrap\"><div class=\"porto-sicon-default\"><div class=\"porto-just-icon-wrapper porto-icon none\" style=\"color:#00a59e;font-size:32px;\"><i class=\"fas fa-dog\"><\/i><\/div><\/div><div class=\"porto-sicon-header\" style=\"margin-bottom:25px;\"><h3 class=\"porto-sicon-title\" style=\"\">Pla de Salut Geri\u00e0tric +7 anys<\/h3><\/div> <!-- header --><div class=\"porto-sicon-description\" style=\"\">\n<ul>\n<li>Una anal\u00edtica P17 + hemograma (anual).<\/li>\n<li>Una an\u00e0lisi d&#8217;orina o an\u00e0lisi coprol\u00f2gica.<\/li>\n<li>Test antic\u00f2s vacuna.<\/li>\n<li>Vacunaci\u00f3 anual de la r\u00e0bia (1 vacuna anual en cas de necessitat).<\/li>\n<li>Test de Leishmaniosi (no inclou la vacuna).<\/li>\n<li>2 sessions a l&#8217;any de Rehabilitaci\u00f3 (les sessions de rehabilitaci\u00f3 inclouen la suma de diferents ter\u00e0pies com s\u00f3n Acupuntura, Electro acupuntura, TENS, laserter\u00e0pia, radiofreq\u00fc\u00e8ncia, magnetoter\u00e0pia i ter\u00e0pies manuals que en base a les necessitats de l&#8217;animal es pot utilitzar una o diverses a la mateixa sessi\u00f3)<\/li>\n<li>Una consulta de Nutrici\u00f3.<\/li>\n<\/ul>\n<p><\/div> <!-- description --><\/div><!-- porto-sicon-box -->[vc_btn title=&#8221;Parla amb Nosaltres&#8221; align=&#8221;center&#8221; i_align=&#8221;right&#8221; i_icon_fontawesome=&#8221;fas fa-angle-right&#8221; css=&#8221;.vc_custom_1719314417567{margin-bottom: 0px !important;}&#8221; animation_delay=&#8221;350&#8243; hover_effect=&#8221;hover-icon-right&#8221; add_icon=&#8221;true&#8221; link=&#8221;url:https%3A%2F%2Fcentroveterapia.com%2Fca%2F%23contacte|&#8221; el_class=&#8221;mlh_btngreen&#8221; animation_type=&#8221;fadeInUp&#8221;][\/vc_column_inner][vc_column_inner el_class=&#8221;mlh_oferta_box&#8221; width=&#8221;1\/4&#8243;]<div class=\"porto-sicon-box  vc_custom_1719306329266 mlh_oferta  wpb_custom_5c333553d18febadba96dc01339d4b01 style_1 top-icon\"><div class=\"porto-sicon-header\"><p class=\"porto-sicon-title\" style=\"\">ESTALVIAR\u00c0S M\u00c9S DE 175\u20ac<\/p><\/div> <!-- header --><\/div><!-- porto-sicon-box -->[\/vc_column_inner][\/vc_row_inner][vc_row_inner css=&#8221;.vc_custom_1718975001082{margin-bottom: 70px !important;}&#8221;][vc_column_inner el_class=&#8221;mlh_equipo&#8221; width=&#8221;3\/4&#8243;]<div class=\"porto-sicon-box  wpb_custom_1efe903570d178ff0a9b7bfa5febd3a4 style_2 default-icon flex-wrap\"><div class=\"porto-sicon-default\"><div class=\"porto-just-icon-wrapper porto-icon none\" style=\"color:#00a59e;font-size:32px;\"><i class=\"fas fa-horse\"><\/i><\/div><\/div><div class=\"porto-sicon-header\" style=\"margin-bottom:25px;\"><h3 class=\"porto-sicon-title\" style=\"\">Pla de Salut Rehabilitaci\u00f3<\/h3><\/div> <!-- header --><div class=\"porto-sicon-description\" style=\"\">10 sessions de rehabilitaci\u00f3 cada any, repartides mensualment, \u00e9s a dir, una sessi\u00f3 al mes. Les sessions no es poden acumular d&#8217;un mes a l&#8217;altre. Les sessions inclouen:<\/p>\n<ul>\n<li>Acupuntura<\/li>\n<li>Electro-acupuntura<\/li>\n<li>TENS<\/li>\n<li>Laserter\u00e0pia<\/li>\n<li>Radiofreq\u00fc\u00e8ncia<\/li>\n<li>Magnetoter\u00e0pia<\/li>\n<li>Ter\u00e0pies Manuals<\/li>\n<\/ul>\n<p>Entre d&#8217;altres, en base a les necessitats de l&#8217;animal es poden utilitzar una o diverses a la mateixa sessi\u00f3.<\/div> <!-- description --><\/div><!-- porto-sicon-box -->[vc_btn title=&#8221;Parla amb Nosaltres&#8221; align=&#8221;center&#8221; i_align=&#8221;right&#8221; i_icon_fontawesome=&#8221;fas fa-angle-right&#8221; css=&#8221;.vc_custom_1719314417567{margin-bottom: 0px !important;}&#8221; animation_delay=&#8221;350&#8243; hover_effect=&#8221;hover-icon-right&#8221; add_icon=&#8221;true&#8221; link=&#8221;url:https%3A%2F%2Fcentroveterapia.com%2Fca%2F%23contacte|&#8221; el_class=&#8221;mlh_btngreen&#8221; animation_type=&#8221;fadeInUp&#8221;][\/vc_column_inner][vc_column_inner el_class=&#8221;mlh_oferta_box&#8221; width=&#8221;1\/4&#8243;]<div class=\"porto-sicon-box  vc_custom_1719306344442 mlh_oferta  wpb_custom_5c333553d18febadba96dc01339d4b01 style_1 top-icon\"><div class=\"porto-sicon-header\"><p class=\"porto-sicon-title\" style=\"\">ESTALVIAR\u00c0S M\u00c9S DE 400\u20ac<\/p><\/div> <!-- header --><\/div><!-- porto-sicon-box -->[\/vc_column_inner][\/vc_row_inner][\/vc_column][\/vc_row]<\/p>\n<\/div>","protected":false},"excerpt":{"rendered":"<p>[vc_section full_width=&#8221;stretch_row&#8221; el_class=&#8221;section-shape&#8221; conditional_render=&#8221;%5B%7B%22value_role%22%3A%22administrator%22%7D%5D&#8221; css=&#8221;.vc_custom_1686564120051{padding-top: 190px !important;background-color: #d9e6ea !important;}&#8221;][vc_row el_class=&#8221;shape-divider shape-bottom shape-divider-reverse-y h-260 z-index-0&#8243; conditional_render=&#8221;%5B%7B%22value_role%22%3A%22administrator%22%7D%5D&#8221;][vc_column][vc_raw_html css=&#8221;&#8221; el_class=&#8221;mb-0&#8243;]PHN2ZyB4bWxucz0iaHR0cDovL3d3dy53My5vcmcvMjAwMC9zdmciIHhtbG5zOnhsaW5rPSJodHRwOi8vd3d3LnczLm9yZy8xOTk5L3hsaW5rIiB2ZXJzaW9uPSIxLjEiIHg9IjBweCIgeT0iMHB4IiB2aWV3Ym94PSIwIDAgMjAwMCAyNjAiIHByZXNlcnZlYXNwZWN0cmF0aW89InhNaW5ZTWluIj4KCQkJCQkJCTxwYXRoIGZpbGw9IiMwMDhFODkiIGQ9Ik0tNDIsNDJjMjEuMDMtMC43MSw0OS4wMy0xLjMsODItMWMxMC4wNiwwLjA5LDczLDAuNzgsMTQ3LDdjOTUuNCw4LjAxLDE5MS4yNSwyMy43LDI3OCw0MCBjMTg4LjYyLDM1LjQzLDI0Ny4xNCw1Ny4yLDM1Myw3OWMxMDIuMDgsMjEuMDIsMjUyLjc0LDQ0LjM2LDQ0NSw0NmMwLDIyLjY4LDAsNDUuMzUsMCw2OC4wM2MtNDMzLjMzLDAtODY2LjY3LDAtMTMwMCwwIEMtMzguNjcsMjAxLjM1LTQwLjMzLDEyMS42OC00Miw0MnoiPjwvcGF0aD4KCQkJCQkJCTxwYXRoIGZpbGw9IiNmYWY2ZmIiIGQ9Ik0tMzksMjMzYzE4LjQ1LTUuNTcsNDUuNzYtMTMuNjgsNzktMjNjNjUuODktMTguNDgsMTAwLjI4LTI4LjEyLDE0MC0zNmM2NC42Ny0xMi44MywxMTUuMDktMTUuMzUsMTUxLTE3IGM3Mi4zNy0zLjMzLDEyNi44MSwwLjk3LDIwMCw3YzIxLjc4LDEuNzksMzUuMDUsMy4xNSwxNDcsMTZjMTg1Ljc5LDIxLjMzLDIwNS42NiwyNC4wOCwyNTIsMjdjODUuNSw1LjM4LDE1MC40Niw0LjM1LDE2OCw0IGM0OC43LTAuOTYsNzMuNDctMy4zMywyNDYtMTljMTc0LjQzLTE1Ljg0LDE4NS44OS0xNi43NSwyMTEtMThjNzYuNDYtMy44MSwxMzMuNDgtMy40OCwyMTctM2M4My4yNiwwLjQ4LDEyNS41OCwyLjU5LDE2Niw2IGMzNy4zMywzLjE1LDY4LjMsNyw5MCwxMGMwLDI4LjY3LDAsNTcuMzUsMCw4Ni4wMmMtNjg4LjMzLDAtMTM3Ni42NywwLTIwNjUsMEMtMzcuNjcsMjU5LjY4LTM4LjMzLDI0Ni4zNC0zOSwyMzN6Ij48L3BhdGg+CgkJCQkJCTwvc3ZnPg==[\/vc_raw_html][\/vc_column][\/vc_row][\/vc_section][vc_row full_width=&#8221;stretch_row&#8221; conditional_render=&#8221;%5B%7B%22value_role%22%3A%22administrator%22%7D%5D&#8221; el_class=&#8221;mlh_todasnoticias&#8221; css=&#8221;.vc_custom_1718959229374{padding-top: 50px !important;}&#8221;][vc_column css=&#8221;.vc_custom_1718956921248{margin-bottom: 25px !important;}&#8221; conditional_render=&#8221;%5B%7B%22value_role%22%3A%22administrator%22%7D%5D&#8221;][vc_custom_heading text=&#8221;Plans Anuals disponibles&#8221; font_container=&#8221;tag:h2|text_align:left|color:%23007470|line_height:1.3&#8243; use_theme_fonts=&#8221;yes&#8221; css=&#8221;.vc_custom_1718950803391{margin-bottom: 20px !important;}&#8221; text_transform=&#8221;text-uppercase&#8221; font_weight=&#8221;700&#8243; animation_delay=&#8221;100&#8243; animation_type=&#8221;fadeInUp&#8221; el_class=&#8221;title-line-bottom-l&#8221;][vc_column_text css_animation=&#8221;fadeInUp&#8221; css=&#8221;.vc_custom_1718959264733{margin-bottom: 0px !important;}&#8221;] Necessites ajuda per cuidar millor el teu company pelut? Oferim plans [&hellip;]<\/p>\n","protected":false},"author":5,"featured_media":0,"parent":0,"menu_order":0,"comment_status":"closed","ping_status":"closed","template":"","meta":{"_seopress_robots_primary_cat":"","_seopress_titles_title":"","_seopress_titles_desc":"Queremos que los animales se sientan bien en nuestro centro, por eso hemos creado un espacio di\u00e1fano y colorido, con los mejores equipos y herramientas para est\u00e9n c\u00f3modos tanto f\u00edsica como emocionalmente.","_seopress_robots_index":"","footnotes":""},"class_list":["post-2430","page","type-page","status-publish","hentry"],"_links":{"self":[{"href":"https:\/\/centroveterapia.com\/ca\/wp-json\/wp\/v2\/pages\/2430","targetHints":{"allow":["GET"]}}],"collection":[{"href":"https:\/\/centroveterapia.com\/ca\/wp-json\/wp\/v2\/pages"}],"about":[{"href":"https:\/\/centroveterapia.com\/ca\/wp-json\/wp\/v2\/types\/page"}],"author":[{"embeddable":true,"href":"https:\/\/centroveterapia.com\/ca\/wp-json\/wp\/v2\/users\/5"}],"replies":[{"embeddable":true,"href":"https:\/\/centroveterapia.com\/ca\/wp-json\/wp\/v2\/comments?post=2430"}],"version-history":[{"count":2,"href":"https:\/\/centroveterapia.com\/ca\/wp-json\/wp\/v2\/pages\/2430\/revisions"}],"predecessor-version":[{"id":2446,"href":"https:\/\/centroveterapia.com\/ca\/wp-json\/wp\/v2\/pages\/2430\/revisions\/2446"}],"wp:attachment":[{"href":"https:\/\/centroveterapia.com\/ca\/wp-json\/wp\/v2\/media?parent=2430"}],"curies":[{"name":"wp","href":"https:\/\/api.w.org\/{rel}","templated":true}]}}